{"id":274,"date":"2025-03-11T07:45:04","date_gmt":"2025-03-11T06:45:04","guid":{"rendered":"https:\/\/3jserveis.es\/inici\/"},"modified":"2025-04-02T08:50:56","modified_gmt":"2025-04-02T06:50:56","slug":"inici","status":"publish","type":"page","link":"https:\/\/3jserveis.es\/ca\/","title":{"rendered":"Inici"},"content":{"rendered":"<p>[et_pb_section fb_built=&#8221;1&#8243; fullwidth=&#8221;on&#8221; _builder_version=&#8221;4.27.4&#8243; _module_preset=&#8221;default&#8221; background_enable_image=&#8221;off&#8221; global_colors_info=&#8221;{}&#8221;][et_pb_fullwidth_slider use_bg_overlay=&#8221;off&#8221; use_text_overlay=&#8221;off&#8221; dot_nav_custom_color=&#8221;RGBA(255,255,255,0)&#8221; _builder_version=&#8221;4.27.4&#8243; _module_preset=&#8221;default&#8221; header_text_color=&#8221;#FFFFFF&#8221; body_text_color=&#8221;#FFFFFF&#8221; background_image=&#8221;https:\/\/3jserveis.es\/wp-content\/uploads\/pexels-seven11nash-380769.png&#8221; custom_button=&#8221;on&#8221; custom_padding=&#8221;180px||180px||true|false&#8221; global_colors_info=&#8221;{}&#8221;][et_pb_slide heading=&#8221;Assessorament t\u00e8cnic integral per a empreses&#8221; button_text=&#8221;Descobreix com puc ajudar-te a cr\u00e9ixer&#8221; button_link=&#8221;#servicios&#8221; _builder_version=&#8221;4.27.4&#8243; _module_preset=&#8221;default&#8221; header_level=&#8221;h1&#8243; header_font_size=&#8221;3em&#8221; background_color=&#8221;#E09900&#8243; background_enable_color=&#8221;on&#8221; use_background_color_gradient=&#8221;on&#8221; global_colors_info=&#8221;{}&#8221; sticky_transition=&#8221;on&#8221;]<\/p>\n<p>Assessorament t\u00e8cnic integral, disseny de sistemes i solucions a mesura per al teu \u00e8xit.<\/p>\n<p>[\/et_pb_slide][\/et_pb_fullwidth_slider][\/et_pb_section][et_pb_section fb_built=&#8221;1&#8243; _builder_version=&#8221;4.27.4&#8243; _module_preset=&#8221;default&#8221; global_colors_info=&#8221;{}&#8221;][et_pb_row _builder_version=&#8221;4.27.4&#8243; _module_preset=&#8221;default&#8221; global_colors_info=&#8221;{}&#8221;][et_pb_column type=&#8221;4_4&#8243; _builder_version=&#8221;4.27.4&#8243; _module_preset=&#8221;default&#8221; global_colors_info=&#8221;{}&#8221;][et_pb_text _builder_version=&#8221;4.27.4&#8243; _module_preset=&#8221;default&#8221; header_2_text_color=&#8221;#2580BC&#8221; text_orientation=&#8221;center&#8221; global_colors_info=&#8221;{}&#8221;]<\/p>\n<h2>Transforma el teu negoci amb <span style=\"color: #000000;\">tecnologia personalitzada!<\/span><\/h2>\n<p>[\/et_pb_text][\/et_pb_column][\/et_pb_row][et_pb_row column_structure=&#8221;3_5,2_5&#8243; _builder_version=&#8221;4.27.4&#8243; _module_preset=&#8221;default&#8221; global_colors_info=&#8221;{}&#8221;][et_pb_column type=&#8221;3_5&#8243; _builder_version=&#8221;4.27.4&#8243; _module_preset=&#8221;default&#8221; global_colors_info=&#8221;{}&#8221;][et_pb_text _builder_version=&#8221;4.27.4&#8243; _module_preset=&#8221;default&#8221; global_colors_info=&#8221;{}&#8221;]<\/p>\n<p>En un m\u00f3n cada vegada m\u00e9s tecnol\u00f2gic, les empreses necessiten una guia experta per a aprofitar al m\u00e0xim el potencial de la innovaci\u00f3. Soc un especialista en assessorament tecnol\u00f2gic, disseny de sistemes i programaci\u00f3 ad hoc, oferint solucions personalitzades que s&#8217;adapten a les necessitats espec\u00edfiques de cada client. <\/p>\n<p>Les meves integracions robustes i la meva experi\u00e8ncia provada asseguraran un creixement sostenible i una operaci\u00f3 eficient. Treball amb petites i mitjanes empreses per a transformar les seves idees, mantenint sempre la proximitat i el professionalisme que mereix el teu negoci. <\/p>\n<p>[\/et_pb_text][et_pb_button button_url=&#8221;#quien&#8221; button_text=&#8221;SOBRE MI&#8221; _builder_version=&#8221;4.27.4&#8243; _module_preset=&#8221;default&#8221; custom_button=&#8221;on&#8221; button_text_color=&#8221;#F8F8F8&#8243; button_bg_color=&#8221;#0071BC&#8221; global_colors_info=&#8221;{}&#8221;][\/et_pb_button][\/et_pb_column][et_pb_column type=&#8221;2_5&#8243; _builder_version=&#8221;4.27.4&#8243; _module_preset=&#8221;default&#8221; global_colors_info=&#8221;{}&#8221;][et_pb_image src=&#8221;https:\/\/3jserveis.es\/wp-content\/uploads\/pexels-goumbik-574070-scaled-e1742989440673.jpg&#8221; title_text=&#8221;pc&#8221; align=&#8221;center&#8221; _builder_version=&#8221;4.27.4&#8243; _module_preset=&#8221;default&#8221; global_colors_info=&#8221;{}&#8221;][\/et_pb_image][\/et_pb_column][\/et_pb_row][\/et_pb_section][et_pb_section fb_built=&#8221;1&#8243; _builder_version=&#8221;4.27.4&#8243; _module_preset=&#8221;default&#8221; custom_padding=&#8221;0px||||false|false&#8221; global_colors_info=&#8221;{}&#8221;][et_pb_row _builder_version=&#8221;4.27.4&#8243; _module_preset=&#8221;default&#8221; global_colors_info=&#8221;{}&#8221;][et_pb_column type=&#8221;4_4&#8243; _builder_version=&#8221;4.27.4&#8243; _module_preset=&#8221;default&#8221; global_colors_info=&#8221;{}&#8221;][et_pb_text _builder_version=&#8221;4.27.4&#8243; _module_preset=&#8221;default&#8221; header_2_text_color=&#8221;#2580BC&#8221; text_orientation=&#8221;center&#8221; global_colors_info=&#8221;{}&#8221;]<\/p>\n<h2 id=\"servicios\">SERVEIS<\/h2>\n<p>[\/et_pb_text][\/et_pb_column][\/et_pb_row][et_pb_row column_structure=&#8221;1_2,1_2&#8243; use_custom_gutter=&#8221;on&#8221; gutter_width=&#8221;1&#8243; make_equal=&#8221;on&#8221; _builder_version=&#8221;4.27.4&#8243; _module_preset=&#8221;default&#8221; background_enable_color=&#8221;off&#8221; custom_padding=&#8221;0px||0px||false|false&#8221; global_colors_info=&#8221;{}&#8221;][et_pb_column type=&#8221;1_2&#8243; _builder_version=&#8221;4.27.4&#8243; _module_preset=&#8221;default&#8221; background_color=&#8221;#0071BC&#8221; custom_padding=&#8221;2%|5%|2%|5%|true|true&#8221; border_color_all=&#8221;#0071BC&#8221; global_colors_info=&#8221;{}&#8221;][et_pb_blurb title=&#8221;Assessorament t\u00e8cnic integral&#8221; image=&#8221;https:\/\/3jserveis.es\/wp-content\/uploads\/ILUSTRACION-1-1.png&#8221; image_icon_width=&#8221;70%&#8221; _builder_version=&#8221;4.27.4&#8243; _module_preset=&#8221;default&#8221; header_level=&#8221;h3&#8243; background_color=&#8221;#0071BC&#8221; background_layout=&#8221;dark&#8221; global_colors_info=&#8221;{}&#8221;]<\/p>\n<p>Obtingues recomanacions personalitzades per a optimitzar la teva infraestructura tecnol\u00f2gica.<\/p>\n<p>[\/et_pb_blurb][\/et_pb_column][et_pb_column type=&#8221;1_2&#8243; _builder_version=&#8221;4.27.4&#8243; _module_preset=&#8221;default&#8221; background_color=&#8221;#FFFFFF&#8221; custom_padding=&#8221;2%|5%|2%|5%|true|true&#8221; border_width_all=&#8221;3px&#8221; border_color_all=&#8221;#0071BC&#8221; global_colors_info=&#8221;{}&#8221;][et_pb_blurb title=&#8221;Disseny de sistemes i arquitectura&#8221; image=&#8221;https:\/\/3jserveis.es\/wp-content\/uploads\/ILUSTRACION-2.png&#8221; image_icon_width=&#8221;70%&#8221; _builder_version=&#8221;4.27.4&#8243; _module_preset=&#8221;default&#8221; header_level=&#8221;h3&#8243; header_text_color=&#8221;#0071BC&#8221; body_text_color=&#8221;#0071BC&#8221; global_colors_info=&#8221;{}&#8221;]<\/p>\n<p>Obtingues solucions robustes i escalables que recolzen el creixement de la teva empresa, assegurant efici\u00e8ncia i rendiment \u00f2ptim.<\/p>\n<p>[\/et_pb_blurb][\/et_pb_column][\/et_pb_row][et_pb_row column_structure=&#8221;1_2,1_2&#8243; use_custom_gutter=&#8221;on&#8221; gutter_width=&#8221;1&#8243; make_equal=&#8221;on&#8221; _builder_version=&#8221;4.27.4&#8243; _module_preset=&#8221;default&#8221; custom_padding=&#8221;0px||0px||false|false&#8221; border_color_all=&#8221;#0071BC&#8221; global_colors_info=&#8221;{}&#8221;][et_pb_column type=&#8221;1_2&#8243; _builder_version=&#8221;4.27.4&#8243; _module_preset=&#8221;default&#8221; background_color=&#8221;#FFFFFF&#8221; custom_padding=&#8221;2%|5%|2%|5%|true|true&#8221; border_width_all=&#8221;3px&#8221; border_color_all=&#8221;#0071BC&#8221; global_colors_info=&#8221;{}&#8221;][et_pb_blurb title=&#8221;Programaci\u00f3 Ad hoc&#8221; image=&#8221;https:\/\/3jserveis.es\/wp-content\/uploads\/ILUSTRACION-3.png&#8221; image_icon_width=&#8221;70%&#8221; _builder_version=&#8221;4.27.4&#8243; _module_preset=&#8221;default&#8221; header_level=&#8221;h3&#8243; header_text_color=&#8221;#0071BC&#8221; body_text_color=&#8221;#0071BC&#8221; global_colors_info=&#8221;{}&#8221;]<\/p>\n<p>Desenvolupament d&#8217;aplicacions i eines espec\u00edfiques per a resoldre els teus desafiaments tecnol\u00f2gics de manera precisa i efectiva.<\/p>\n<p>[\/et_pb_blurb][\/et_pb_column][et_pb_column type=&#8221;1_2&#8243; _builder_version=&#8221;4.27.4&#8243; _module_preset=&#8221;default&#8221; background_color=&#8221;#0071BC&#8221; custom_padding=&#8221;2%|5%|2%|5%|true|true&#8221; border_color_all=&#8221;#0071BC&#8221; global_colors_info=&#8221;{}&#8221;][et_pb_blurb title=&#8221;Integracions&#8221; image=&#8221;https:\/\/3jserveis.es\/wp-content\/uploads\/ILUSTRACION-4.png&#8221; image_icon_width=&#8221;70%&#8221; _builder_version=&#8221;4.27.4&#8243; _module_preset=&#8221;default&#8221; header_level=&#8221;h3&#8243; background_layout=&#8221;dark&#8221; global_colors_info=&#8221;{}&#8221;]<\/p>\n<p>Integra els teus sistemes existents amb els teus prove\u00efdors o clients, facilitant la teva operaci\u00f3 di\u00e0ria i millorant la productivitat.<\/p>\n<p>[\/et_pb_blurb][\/et_pb_column][\/et_pb_row][\/et_pb_section][et_pb_section fb_built=&#8221;1&#8243; _builder_version=&#8221;4.27.4&#8243; _module_preset=&#8221;default&#8221; background_color=&#8221;#F8F8F8&#8243; global_colors_info=&#8221;{}&#8221;][et_pb_row column_structure=&#8221;1_3,2_3&#8243; make_equal=&#8221;on&#8221; _builder_version=&#8221;4.27.4&#8243; _module_preset=&#8221;default&#8221; global_colors_info=&#8221;{}&#8221;][et_pb_column type=&#8221;1_3&#8243; _builder_version=&#8221;4.27.4&#8243; _module_preset=&#8221;default&#8221; global_colors_info=&#8221;{}&#8221;][et_pb_image src=&#8221;https:\/\/3jserveis.es\/wp-content\/uploads\/quien-soy.png&#8221; title_text=&#8221;qui soc&#8221; _builder_version=&#8221;4.27.4&#8243; _module_preset=&#8221;default&#8221; positioning=&#8221;absolute&#8221; position_origin_a=&#8221;bottom_center&#8221; position_origin_r=&#8221;bottom_left&#8221; position_origin_a_tablet=&#8221;bottom_center&#8221; position_origin_a_phone=&#8221;bottom_center&#8221; position_origin_a_last_edited=&#8221;on|tablet&#8221; position_origin_f_tablet=&#8221;&#8221; position_origin_f_phone=&#8221;&#8221; position_origin_f_last_edited=&#8221;on|tablet&#8221; position_origin_r_tablet=&#8221;bottom_left&#8221; position_origin_r_phone=&#8221;bottom_left&#8221; position_origin_r_last_edited=&#8221;on|tablet&#8221; width=&#8221;100%&#8221; positioning_tablet=&#8221;none&#8221; positioning_phone=&#8221;none&#8221; positioning_last_edited=&#8221;on|tablet&#8221; global_colors_info=&#8221;{}&#8221;][\/et_pb_image][\/et_pb_column][et_pb_column type=&#8221;2_3&#8243; _builder_version=&#8221;4.27.4&#8243; _module_preset=&#8221;default&#8221; global_colors_info=&#8221;{}&#8221;][et_pb_text _builder_version=&#8221;4.27.4&#8243; _module_preset=&#8221;default&#8221; header_2_text_color=&#8221;#2580BC&#8221; custom_margin=&#8221;||0px||false|false&#8221; global_colors_info=&#8221;{}&#8221;]<\/p>\n<h2 id=\"quien\">QUI SOC<\/h2>\n<p>[\/et_pb_text][et_pb_image src=&#8221;https:\/\/3jserveis.es\/wp-content\/uploads\/3J-SERVEIS.png&#8221; title_text=&#8221;3J SERVEIS&#8221; show_bottom_space=&#8221;off&#8221; _builder_version=&#8221;4.27.4&#8243; _module_preset=&#8221;default&#8221; width=&#8221;24%&#8221; width_tablet=&#8221;35%&#8221; width_phone=&#8221;35%&#8221; width_last_edited=&#8221;on|tablet&#8221; global_colors_info=&#8221;{}&#8221;][\/et_pb_image][et_pb_text _builder_version=&#8221;4.27.4&#8243; _module_preset=&#8221;default&#8221; header_text_color=&#8221;#FFFFFF&#8221; header_3_font_size=&#8221;1.3em&#8221; background_color=&#8221;#0071BC&#8221; background_layout=&#8221;dark&#8221; border_width_all=&#8221;36px&#8221; border_color_all=&#8221;#0071BC&#8221; global_colors_info=&#8221;{}&#8221;]<\/p>\n<h3>Soc un professional col\u00b7legiat amb n\u00famero 1109 en el COENIF (Col\u00b7legi Oficial d&#8217;Enginyeria Inform\u00e0tica de Catalunya) <strong>amb m\u00e9s de 10 anys d&#8217;experi\u00e8ncia<\/strong> en el sector tecnol\u00f2gic. Especialitzat en integracions multiplataforma i enfocat en la implementaci\u00f3 de solucions innovadores per a empreses de totes les grand\u00e0ries. <\/h3>\n<p>[\/et_pb_text][\/et_pb_column][\/et_pb_row][et_pb_row column_structure=&#8221;3_5,2_5&#8243; _builder_version=&#8221;4.27.4&#8243; _module_preset=&#8221;default&#8221; global_colors_info=&#8221;{}&#8221;][et_pb_column type=&#8221;3_5&#8243; _builder_version=&#8221;4.27.4&#8243; _module_preset=&#8221;default&#8221; global_colors_info=&#8221;{}&#8221;][et_pb_text _builder_version=&#8221;4.27.4&#8243; _module_preset=&#8221;default&#8221; global_colors_info=&#8221;{}&#8221;]<\/p>\n<p>El meu enfocament se centra en les integracions, una disciplina que requereix precisi\u00f3 i comprensi\u00f3 del negoci. He ajudat m\u00faltiples petites i mitjanes empreses a modernitzar els seus processos, reduir costos i augmentar la seva competitivitat en el mercat. <\/p>\n<p>El que em motiva \u00e9s veure com les meves solucions transformen desafiaments tecnol\u00f2gics en oportunitats de creixement per als meus clients. Treball amb passi\u00f3 i dedicaci\u00f3 per a ser un aliat de confian\u00e7a en el teu trajecte cap a l&#8217;\u00e8xit. <\/p>\n<p>[\/et_pb_text][et_pb_button button_url=&#8221;#contacto&#8221; button_text=&#8221;CONTACTA&#039;M&#8221; button_alignment=&#8221;right&#8221; _builder_version=&#8221;4.27.4&#8243; _module_preset=&#8221;default&#8221; custom_button=&#8221;on&#8221; button_text_color=&#8221;#F8F8F8&#8243; button_bg_color=&#8221;#0071BC&#8221; global_colors_info=&#8221;{}&#8221;][\/et_pb_button][\/et_pb_column][et_pb_column type=&#8221;2_5&#8243; _builder_version=&#8221;4.27.4&#8243; _module_preset=&#8221;default&#8221; global_colors_info=&#8221;{}&#8221;][et_pb_image src=&#8221;https:\/\/3jserveis.es\/wp-content\/uploads\/pexels-lexovertoom-1109543-scaled-e1742368815217.jpg&#8221; title_text=&#8221;imatge d&#039;un ordinador&#8221; align=&#8221;center&#8221; _builder_version=&#8221;4.27.4&#8243; _module_preset=&#8221;default&#8221; global_colors_info=&#8221;{}&#8221;][\/et_pb_image][\/et_pb_column][\/et_pb_row][\/et_pb_section][et_pb_section fb_built=&#8221;1&#8243; _builder_version=&#8221;4.27.4&#8243; _module_preset=&#8221;default&#8221; custom_margin=&#8221;||-83px|||&#8221; global_colors_info=&#8221;{}&#8221;][et_pb_row _builder_version=&#8221;4.27.4&#8243; _module_preset=&#8221;default&#8221; global_colors_info=&#8221;{}&#8221;][et_pb_column type=&#8221;4_4&#8243; _builder_version=&#8221;4.27.4&#8243; _module_preset=&#8221;default&#8221; global_colors_info=&#8221;{}&#8221;][et_pb_heading title=&#8221;Per qu\u00e8 triar-me?&#8221; _builder_version=&#8221;4.27.4&#8243; _module_preset=&#8221;default&#8221; title_level=&#8221;h2&#8243; title_text_align=&#8221;center&#8221; title_text_color=&#8221;#0071BC&#8221; global_colors_info=&#8221;{}&#8221;][\/et_pb_heading][\/et_pb_column][\/et_pb_row][\/et_pb_section][et_pb_section fb_built=&#8221;1&#8243; _builder_version=&#8221;4.27.4&#8243; _module_preset=&#8221;default&#8221; width=&#8221;80%&#8221; module_alignment=&#8221;center&#8221; custom_padding=&#8221;8px|||||&#8221; global_colors_info=&#8221;{}&#8221;][et_pb_row column_structure=&#8221;1_2,1_2&#8243; use_custom_gutter=&#8221;on&#8221; gutter_width=&#8221;1&#8243; _builder_version=&#8221;4.27.4&#8243; _module_preset=&#8221;default&#8221; background_color=&#8221;#0071BC&#8221; width=&#8221;100%&#8221; max_width=&#8221;2560px&#8221; custom_padding=&#8221;0px||0px||false|false&#8221; global_colors_info=&#8221;{}&#8221;][et_pb_column type=&#8221;1_2&#8243; _builder_version=&#8221;4.27.4&#8243; _module_preset=&#8221;default&#8221; background_color=&#8221;#FFFFFF&#8221; custom_padding=&#8221;2%|5%|2%|5%|true|true&#8221; border_width_all=&#8221;3px&#8221; border_color_all=&#8221;#0071BC&#8221; global_colors_info=&#8221;{}&#8221;][et_pb_blurb title=&#8221;Experi\u00e8ncia i especialitzaci\u00f3&#8221; image=&#8221;https:\/\/3jserveis.es\/wp-content\/uploads\/ILUSTRACION-5.png&#8221; image_icon_width=&#8221;70%&#8221; _builder_version=&#8221;4.27.4&#8243; _module_preset=&#8221;default&#8221; header_text_color=&#8221;#0071BC&#8221; body_text_color=&#8221;#0071BC&#8221; global_colors_info=&#8221;{}&#8221;]<\/p>\n<p>Amb m\u00e9s de 10 anys d&#8217;experi\u00e8ncia, el meu enfocament es basa a comprendre el teu negoci a fons, oferint solucions innovadores i efectives.<\/p>\n<p>[\/et_pb_blurb][\/et_pb_column][et_pb_column type=&#8221;1_2&#8243; _builder_version=&#8221;4.27.4&#8243; _module_preset=&#8221;default&#8221; background_color=&#8221;#0071BC&#8221; custom_padding=&#8221;2%|5%|2%|5%|true|true&#8221; border_color_all=&#8221;#0071BC&#8221; global_colors_info=&#8221;{}&#8221;][et_pb_blurb title=&#8221;Solucions personalitzades&#8221; image=&#8221;https:\/\/3jserveis.es\/wp-content\/uploads\/ILUSTRACION-6.png&#8221; image_icon_width=&#8221;70%&#8221; _builder_version=&#8221;4.27.4&#8243; _module_preset=&#8221;default&#8221; background_color=&#8221;#0071BC&#8221; background_layout=&#8221;dark&#8221; global_colors_info=&#8221;{}&#8221;]<\/p>\n<p>Crec solucions a mesura que s&#8217;adapten a les necessitats de la teva empresa, impulsant el teu creixement i optimitzant els teus processos.<\/p>\n<p>[\/et_pb_blurb][\/et_pb_column][\/et_pb_row][et_pb_row column_structure=&#8221;1_2,1_2&#8243; use_custom_gutter=&#8221;on&#8221; gutter_width=&#8221;1&#8243; _builder_version=&#8221;4.27.4&#8243; _module_preset=&#8221;default&#8221; background_color=&#8221;#0071BC&#8221; width=&#8221;100%&#8221; max_width=&#8221;2560px&#8221; custom_padding=&#8221;0px||0px||false|false&#8221; border_width_all=&#8221;3px&#8221; border_color_all=&#8221;#0071BC&#8221; global_colors_info=&#8221;{}&#8221;][et_pb_column type=&#8221;1_2&#8243; _builder_version=&#8221;4.27.4&#8243; _module_preset=&#8221;default&#8221; background_color=&#8221;#0071BC&#8221; custom_padding=&#8221;2%|5%|2%|5%|true|true&#8221; border_color_all=&#8221;#0071BC&#8221; global_colors_info=&#8221;{}&#8221;][et_pb_blurb title=&#8221;Proximitat i comprom\u00eds&#8221; image=&#8221;https:\/\/3jserveis.es\/wp-content\/uploads\/ILUSTRACION-7.png&#8221; image_icon_width=&#8221;70%&#8221; _builder_version=&#8221;4.27.4&#8243; _module_preset=&#8221;default&#8221; background_layout=&#8221;dark&#8221; global_colors_info=&#8221;{}&#8221;]<\/p>\n<p>Soc aqu\u00ed per a acompanyar-te en cada pas, assegurant que les solucions que implemento siguin precises i efectives per als teus desafiaments tecnol\u00f2gics.<\/p>\n<p>[\/et_pb_blurb][\/et_pb_column][et_pb_column type=&#8221;1_2&#8243; _builder_version=&#8221;4.27.4&#8243; _module_preset=&#8221;default&#8221; background_color=&#8221;#FFFFFF&#8221; custom_padding=&#8221;2%|5%|2%|5%|true|true&#8221; border_width_all=&#8221;3px&#8221; border_color_all=&#8221;#0071BC&#8221; global_colors_info=&#8221;{}&#8221;][et_pb_blurb title=&#8221;\u00c8xit i resultats tangibles&#8221; image=&#8221;https:\/\/3jserveis.es\/wp-content\/uploads\/ILUSTRACION-8.png&#8221; image_icon_width=&#8221;70%&#8221; _builder_version=&#8221;4.27.4&#8243; _module_preset=&#8221;default&#8221; header_text_color=&#8221;#0071BC&#8221; body_text_color=&#8221;#0071BC&#8221; global_colors_info=&#8221;{}&#8221;]<\/p>\n<p>Em motiva veure com les meves solucions converteixen els reptes tecnol\u00f2gics en oportunitats reals d&#8217;\u00e8xit i competitivitat per a la teva empresa.<\/p>\n<p>[\/et_pb_blurb][\/et_pb_column][\/et_pb_row][\/et_pb_section]<\/p>\n","protected":false},"excerpt":{"rendered":"<p>Assessorament t\u00e8cnic integral, disseny de sistemes i solucions a mesura per al teu \u00e8xit.Transforma el teu negoci amb tecnologia personalitzada!En un m\u00f3n cada vegada m\u00e9s tecnol\u00f2gic, les empreses necessiten una guia experta per a aprofitar al m\u00e0xim el potencial de la innovaci\u00f3. Soc un especialista en assessorament tecnol\u00f2gic, disseny de sistemes i programaci\u00f3 ad hoc, [&hellip;]<\/p>\n","protected":false},"author":1,"featured_media":0,"parent":0,"menu_order":0,"comment_status":"closed","ping_status":"closed","template":"","meta":{"_et_pb_use_builder":"on","_et_pb_old_content":"","_et_gb_content_width":"","footnotes":""},"class_list":["post-274","page","type-page","status-publish","hentry"],"_links":{"self":[{"href":"https:\/\/3jserveis.es\/ca\/wp-json\/wp\/v2\/pages\/274","targetHints":{"allow":["GET"]}}],"collection":[{"href":"https:\/\/3jserveis.es\/ca\/wp-json\/wp\/v2\/pages"}],"about":[{"href":"https:\/\/3jserveis.es\/ca\/wp-json\/wp\/v2\/types\/page"}],"author":[{"embeddable":true,"href":"https:\/\/3jserveis.es\/ca\/wp-json\/wp\/v2\/users\/1"}],"replies":[{"embeddable":true,"href":"https:\/\/3jserveis.es\/ca\/wp-json\/wp\/v2\/comments?post=274"}],"version-history":[{"count":5,"href":"https:\/\/3jserveis.es\/ca\/wp-json\/wp\/v2\/pages\/274\/revisions"}],"predecessor-version":[{"id":283,"href":"https:\/\/3jserveis.es\/ca\/wp-json\/wp\/v2\/pages\/274\/revisions\/283"}],"wp:attachment":[{"href":"https:\/\/3jserveis.es\/ca\/wp-json\/wp\/v2\/media?parent=274"}],"curies":[{"name":"wp","href":"https:\/\/api.w.org\/{rel}","templated":true}]}}