{"id":266,"date":"2025-03-20T14:37:50","date_gmt":"2025-03-20T13:37:50","guid":{"rendered":"https:\/\/3jserveis.es\/cookies\/"},"modified":"2025-03-20T14:37:50","modified_gmt":"2025-03-20T13:37:50","slug":"cookies","status":"publish","type":"page","link":"https:\/\/3jserveis.es\/ca\/cookies\/","title":{"rendered":"Pol\u00edtica de cookies"},"content":{"rendered":"<p><strong>POL\u00cdTICA DE COOKIES (https:\/\/3jserveis.es\/)<\/strong><\/p>\n<p>En cumplimiento de la Ley 34\/2002 de Servicios de la Sociedad de la Informaci\u00f3n y del Comercio Electr\u00f3nico (LSSICE), se informa de los siguientes aspectos legales de la Web:<\/p>\n<p>&nbsp;<\/p>\n<table width=\"567\">\n<tbody>\n<tr>\n<td width=\"133\">Web:<\/td>\n<td width=\"433\">https:\/\/3jserveis.es\/<\/td>\n<\/tr>\n<tr>\n<td width=\"133\">Titular:<\/td>\n<td width=\"433\">JOAN JOSEP JIMENEZ DUR\u00d3<\/td>\n<\/tr>\n<tr>\n<td width=\"133\">Domicilio:<\/td>\n<td width=\"433\">SEGON PASSEIG DE RONDA, 31 3-5. 25180-ALCARRAS<\/td>\n<\/tr>\n<tr>\n<td width=\"133\">C.I.F.:<\/td>\n<td width=\"433\">78102735W<\/td>\n<\/tr>\n<tr>\n<td width=\"133\">Tel\u00e9fono:<\/td>\n<td width=\"433\">611423193<\/td>\n<\/tr>\n<tr>\n<td width=\"133\">Correo electr\u00f3nico:<\/td>\n<td width=\"433\">ADMIN<\/td>\n<\/tr>\n<\/tbody>\n<\/table>\n<p>&nbsp;<\/p>\n<p>JOAN JOSEP JIMENEZ DUR\u00d3 puede recopilar informaci\u00f3n sobre los h\u00e1bitos de b\u00fasqueda de los usuarios del sitio web por medio de cookies o archivos de registro. No se utilizar\u00e1n las cookies para recoger informaci\u00f3n de car\u00e1cter personal. Solamente se instalar\u00e1n si el Usuario permanece y contin\u00faa navegando en nuestra p\u00e1gina web, entendiendo que consiente su uso e instalaci\u00f3n. A continuaci\u00f3n, proporcionamos informaci\u00f3n detallada sobre: qu\u00e9 son las &#8220;cookies&#8221;, qu\u00e9 tipolog\u00eda utiliza este sitio web, c\u00f3mo pueden desactivarlas en el navegador y c\u00f3mo bloquear espec\u00edficamente la instalaci\u00f3n de Cookies de terceros.<\/p>\n<p>&nbsp;<\/p>\n<p><strong>1) \u00bfQU\u00c9 SON LAS COOKIES?<\/strong><\/p>\n<p>Las cookies son peque\u00f1os archivos de texto generados por las p\u00e1ginas web que el Usuario visita, las cuales contienen los datos de sesi\u00f3n que pueden ser de utilidad m\u00e1s adelante en la p\u00e1gina web. Los datos permiten que la p\u00e1gina web pueda mantener su informaci\u00f3n entre las p\u00e1ginas, y tambi\u00e9n para analizar la forma de interactuar con el sitio.<\/p>\n<p>Las cookies son seguras ya que s\u00f3lo pueden almacenar la informaci\u00f3n que se puso en su lugar por el navegador, la informaci\u00f3n que el Usuario hubiera introducido en el navegador o la que se incluye en la solicitud de p\u00e1gina. No pueden ejecutar c\u00f3digo y no se pueden utilizar para acceder al equipo del Usuario.<\/p>\n<p>Las cookies son esenciales para el funcionamiento de Internet, aportando innumerables ventajas en la prestaci\u00f3n de servicios interactivos, facilitando la navegaci\u00f3n y usabilidad de las p\u00e1ginas web. Las cookies no pueden da\u00f1ar los equipos y que est\u00e9n activadas ayuda a identificar y resolver los errores.<\/p>\n<p>La informaci\u00f3n recabada a trav\u00e9s de las cookies puede incluir la fecha y hora de visitas al Sitio Web, las p\u00e1ginas visionadas, el tiempo que ha estado en el Sitio Web y los sitios visitados justo antes y despu\u00e9s del mismo. Sin embargo, ninguna cookie permite que esta misma pueda contactarse con el n\u00famero de tel\u00e9fono del Usuario o con cualquier otro medio de contacto personal. Ninguna cookie puede extraer informaci\u00f3n del disco duro del Usuario o robar informaci\u00f3n personal. La \u00fanica manera de que la informaci\u00f3n privada del Usuario forme parte del archivo Cookie es que el usuario d\u00e9 personalmente esa informaci\u00f3n al servidor.<\/p>\n<p>Las cookies que permiten identificar a una persona se consideran datos personales. Por tanto, a las mismas les ser\u00e1 de aplicaci\u00f3n la Pol\u00edtica de Privacidad anteriormente descrita. En este sentido, para la utilizaci\u00f3n de las mismas ser\u00e1 necesario el consentimiento del Usuario. Este consentimiento ser\u00e1 comunicado, en base a una elecci\u00f3n aut\u00e9ntica, ofrecido mediante una decisi\u00f3n afirmativa y positiva, antes del tratamiento inicial, removible y documentado.<\/p>\n<p>&nbsp;<\/p>\n<p><strong>2) \u00bfQUE SON LOS SCRIPTS?<\/strong><\/p>\n<p>Un script es un fragmento de c\u00f3digo de programa que se utiliza para hacer que nuestra web funcione correctamente y de forma interactiva. Este c\u00f3digo se ejecuta en nuestro servidor o en su dispositivo.<\/p>\n<p>&nbsp;<\/p>\n<p><strong>3) TIPOS DE COOKIES<\/strong><\/p>\n<p>A continuaci\u00f3n, proporcionamos m\u00e1s informaci\u00f3n para que se entiendan mejor los diferentes tipos de cookies que pueden ser utilizados:<\/p>\n<p><strong>Seg\u00fan titularidad<\/strong><\/p>\n<p>Cookies Propias: son aquellas que se env\u00edan al equipo terminal del usuario desde un equipo o dominio gestionado por el propio editor y desde el que se presta el servicio solicitado por el usuario.<\/p>\n<p>Cookies de terceros: son aquellas que se env\u00edan al equipo terminal del usuario desde un equipo o dominio que no es gestionado por el editor, sino por otra entidad que trata los datos obtenidos trav\u00e9s de las cookies.<\/p>\n<p><strong>Seg\u00fan su finalidad<\/strong><\/p>\n<p>Cookies t\u00e9cnicas (necesarias): Las cookies t\u00e9cnicas son aquellas imprescindibles y estrictamente necesarias para el correcto funcionamiento de un portal web y la utilizaci\u00f3n de las diferentes opciones i servicios que ofrece.<\/p>\n<p>Por ejemplo, las que sirven para el mantenimiento de la sesi\u00f3n, la gesti\u00f3n del tiempo de respuesta, rendimiento, etc.<\/p>\n<p>Cookies de preferencias o personalizaci\u00f3n: son aquellas que permiten recordar informaci\u00f3n para que el usuario acceda al servicio con determinadas caracter\u00edsticas que pueden diferenciar su experiencia de la de otros usuarios, como, por ejemplo, el idioma, el n\u00famero de resultados a mostrar cuando el usuario realiza una b\u00fasqueda, el aspecto o contenido del servicio en funci\u00f3n del tipo de navegador a trav\u00e9s del cual el usuario accede al servicio o de la regi\u00f3n desde la que accede al servicio, etc.<\/p>\n<p>Cookies anal\u00edticas: son aquellas que permiten al responsable de las mismas el seguimiento y an\u00e1lisis del comportamiento de los usuarios de los sitios web a los que est\u00e1n vinculadas, incluida la cuantificaci\u00f3n de los impactos de los anuncios. La informaci\u00f3n recogida mediante este tipo de cookies se utiliza en la medici\u00f3n de la actividad de los sitios web, aplicaci\u00f3n o plataforma, con el fin de introducir mejoras en funci\u00f3n del an\u00e1lisis de los datos de uso que hacen los usuarios del servicio.<\/p>\n<p>Cookies de publicidad comportamental: son aquellas que almacenan informaci\u00f3n del comportamiento de los usuarios obtenida a trav\u00e9s de la observaci\u00f3n continuada de sus h\u00e1bitos de navegaci\u00f3n, lo que permite desarrollar un perfil espec\u00edfico para mostrar publicidad en funci\u00f3n del mismo.<\/p>\n<p><strong>Seg\u00fan plazo<\/strong><\/p>\n<p>Cookies de sesi\u00f3n: son aquellas dise\u00f1adas para recabar y almacenar datos mientras el usuario accede a una p\u00e1gina web. Se suelen emplear para almacenar informaci\u00f3n que solo interesa conservar para la prestaci\u00f3n del servicio solicitado por el usuario en una sola ocasi\u00f3n (por ejemplo, una lista de productos adquiridos) y desaparecen al terminar la sesi\u00f3n<\/p>\n<p>Cookies persistentes: son aquellas en las que los datos siguen almacenados en el terminal y pueden ser accedidos y tratados durante un periodo definido por el responsable de la cookie, y que puede ir de unos minutos a varios a\u00f1os.<\/p>\n<p><strong>Cookies propiasEste sitio web no utiliza cookies propias.<\/strong><\/p>\n<p><strong>Cookies de terceros<\/strong><\/p>\n<p>El sitio web no genera cookies de terceros.<\/p>\n<p>JOAN JOSEP JIMENEZ DUR\u00d3 no incorpora ning\u00fan enlace ni plugin que redirija a p\u00e1ginas web de redes sociales ni compartir contenido.<\/p>\n<p>&nbsp;<\/p>\n<p><strong>4) RESPONSABLE DEL TRATAMIENTO DE LAS COOKIES<\/strong><\/p>\n<p>El titular de la web y responsable del tratamiento de las cookies aqu\u00ed utilizadas, as\u00ed como sus datos de contacto, son accesibles en el Aviso Legal de esta p\u00e1gina. Asimismo, pueden existir cookies de terceros distintos del titular de esta web, como se explica posteriormente.<\/p>\n<p>&nbsp;<\/p>\n<p><strong>5) LIGITIMACI\u00d3N PARA EL USO DE COOKIES<\/strong><\/p>\n<p>En el caso de las cookies t\u00e9cnicas, es decir, aquellas que resultan imprescindibles para navegar por esta web y recibir el servicio ofrecido a trav\u00e9s de ella, la base legal de su uso es el acuerdo a trav\u00e9s del cual usted decide utilizar esta p\u00e1gina web y utilizar sus servicios.<\/p>\n<p>La base legal del uso del resto de cookies es el consentimiento del usuario, que se le solicita en el momento de acceder a esta web, pudiendo revocarlo en cualquier momento. La retirada de dicho consentimiento no afectar\u00e1 a la posibilidad de navegar por esta web y utilizar sus servicios, pero los tratamientos de datos efectuados con anterioridad no perder\u00e1n su licitud por el hecho de que el consentimiento se haya revocado.<\/p>\n<p>&nbsp;<\/p>\n<p><strong>6) CONSENTIMIENTO<\/strong><\/p>\n<p>El usuario tendr\u00e1 que aceptar de manera expl\u00edcita y activa el uso de las cookies antes anunciadas, por los periodos se\u00f1alados anteriormente y en las condiciones contenidas en la presente Pol\u00edtica de Cookies.<\/p>\n<p>&nbsp;<\/p>\n<p><strong>7) RETIRADA DEL CONSENTIMIENTO<\/strong><\/p>\n<p>El usuario podr\u00e1 retirar en cualquier momento su consentimiento relacionado con esta Pol\u00edtica de Cookies, por eso habr\u00e1 de eliminar las cookies almacenadas en su equipo utilizando los ajustes y configuraciones de su navegador de internet.<\/p>\n<p>&nbsp;<\/p>\n<p><strong>8) DERECHOS DEL INTERESADO<\/strong><\/p>\n<p>La mayor\u00eda de las cookies recopilan informaci\u00f3n an\u00f3nima, que no permite obtener la identidad del usuario, si bien algunos de los c\u00f3digos que se incluyen sirven para singularizar o individualizar al navegador de su dispositivo utilizado, pudiendo ser de aplicaci\u00f3n la normativa en materia de protecci\u00f3n de datos personales. Por ello, le informamos de que la informaci\u00f3n que se obtiene por medio de las cookies, ser\u00e1 tratada con las finalidades indicadas en la presente Pol\u00edtica de Cookies. Asimismo, est\u00e1 informaci\u00f3n tambi\u00e9n ser\u00e1 tratada por aquellas empresas que proveen cookies con las finalidades indicadas en sus respectivas pol\u00edticas de privacidad.<\/p>\n<p>No obstante, teniendo en cuenta que estos c\u00f3digos no permiten la identificaci\u00f3n del Usuario, no ser\u00e1n aplicables los derechos de acceso, rectificaci\u00f3n, supresi\u00f3n, oposici\u00f3n, limitaci\u00f3n y portabilidad reconocidos en la normativa de protecci\u00f3n de datos, salvo que el Usuario sea capaz de aportar informaci\u00f3n adicional que permita vincular su identidad con los c\u00f3digos identificativos de sus cookies.<\/p>\n<p>En caso de considerar vulnerado su derecho a la protecci\u00f3n de datos, el usuario podr\u00e1 interponer una reclamaci\u00f3n ante la Agencia Espa\u00f1ola de Protecci\u00f3n de Datos (www.aepd.es) o ante nuestro Delegado de Protecci\u00f3n de Datos\/ responsable de protecci\u00f3n de datos en el siguiente e-mail ADMIN.<\/p>\n<p>Por otro lado, le informamos que algunos de nuestros proveedores, socios y colaboradores pueden estar ubicados en Estados Unidos u otros pa\u00edses cuya legislaci\u00f3n no ofrece un nivel de protecci\u00f3n de datos equivalente al europeo. Al consentir el uso de cookies y la compartici\u00f3n de datos, consiente la transferencia de sus datos personales.<\/p>\n<p>&nbsp;<\/p>\n<p><strong>9) GESTI\u00d3N DE COOKIES: Garant\u00edas complementarias<\/strong><\/p>\n<p>Todos los navegadores de Internet permiten limitar el comportamiento de una cookie o desactivar las cookies dentro de la configuraci\u00f3n o las opciones del navegador. Los pasos para hacerlo son diferentes para cada navegador, pudi\u00e9ndose encontrar instrucciones en el men\u00fa de ayuda de cada navegador.<\/p>\n<p>Muchos navegadores permiten activar un modo privado mediante el cual las cookies se borran siempre despu\u00e9s de la visita. Dependiendo de cada navegador este modo privado, puede tener diferentes nombres. A continuaci\u00f3n, se puede encontrar una lista de los navegadores m\u00e1s comunes con un enlace a la configuraci\u00f3n de cookies y los diferentes nombres de este &#8220;modo privado&#8221;:<\/p>\n<p>&#8211; Internet Explorer: http:\/\/windows.microsoft.com\/es-xl\/internet-explorer\/delete-manage-cookies#ie=ie-11<\/p>\n<p>&#8211; FireFox: https:\/\/support.mozilla.org\/es\/kb\/Borrarcookies<\/p>\n<p>&#8211; Chrome: https:\/\/support.google.com\/chrome\/answer\/95647?hl=es<\/p>\n<p>&#8211; Safari: http:\/\/www.apple.com\/legal\/privacy\/es\/cookies\/<\/p>\n<p>&#8211; Opera: https:\/\/help.opera.com\/en\/latest\/security-and-privacy\/<\/p>\n<p>&#8211; Safari para iOS (dispositivos iPhone y iPad): http:\/\/help.opera.com\/Linux\/10.50\/en\/cookies.html<\/p>\n<p>&#8211; Chrome para Android: https:\/\/support.google.com\/chrome\/answer\/2392971?hl=es<\/p>\n<p>&#8211; Windows Phone: http:\/\/www.windowsphone.com\/es-es\/how-to\/wp7\/web\/changing-privacy-and-other-browser-<\/p>\n<p>&nbsp;<\/p>\n<p>Para obtener m\u00e1s informaci\u00f3n sobre la eliminaci\u00f3n, deshabilitaci\u00f3n o bloqueo de cookies tambi\u00e9n puede visitar: http:\/\/www.aboutcookies.org\/Default.aspx?page=2<\/p>\n<p>En caso de que se deshabiliten las cookies, no podremos mantener sus preferencias y algunas funcionalidades del Sitio Web podr\u00edan quedar inoperativas, no pudiendo ofrecerle servicios personalizados.<\/p>\n<p>&nbsp;<\/p>\n<p><strong>10) ACTUALIZACI\u00d3N DE LA POL\u00cdTICA DE COOKIES<\/strong><\/p>\n<p>Este sitio web puede modificar esta Pol\u00edtica sobre Cookies, por eso le recomendamos revisar esta pol\u00edtica cada vez que acceda a nuestro sitio web por tal de estar adecuadamente informado sobre el uso que hacemos de las cookies.<\/p>\n<p>&nbsp;<\/p>\n<p>\u00daltima revisi\u00f3n: 21\/03\/25<\/p>\n<p>&nbsp;<\/p>\n","protected":false},"excerpt":{"rendered":"<p>POL\u00cdTICA DE COOKIES (https:\/\/3jserveis.es\/) En cumplimiento de la Ley 34\/2002 de Servicios de la Sociedad de la Informaci\u00f3n y del Comercio Electr\u00f3nico (LSSICE), se informa de los siguientes aspectos legales de la Web: &nbsp; Web: https:\/\/3jserveis.es\/ Titular: JOAN JOSEP JIMENEZ DUR\u00d3 Domicilio: SEGON PASSEIG DE RONDA, 31 3-5. 25180-ALCARRAS C.I.F.: 78102735W Tel\u00e9fono: 611423193 Correo electr\u00f3nico: [&hellip;]<\/p>\n","protected":false},"author":1,"featured_media":0,"parent":0,"menu_order":0,"comment_status":"closed","ping_status":"closed","template":"","meta":{"_et_pb_use_builder":"","_et_pb_old_content":"","_et_gb_content_width":"","footnotes":""},"class_list":["post-266","page","type-page","status-publish","hentry"],"_links":{"self":[{"href":"https:\/\/3jserveis.es\/ca\/wp-json\/wp\/v2\/pages\/266","targetHints":{"allow":["GET"]}}],"collection":[{"href":"https:\/\/3jserveis.es\/ca\/wp-json\/wp\/v2\/pages"}],"about":[{"href":"https:\/\/3jserveis.es\/ca\/wp-json\/wp\/v2\/types\/page"}],"author":[{"embeddable":true,"href":"https:\/\/3jserveis.es\/ca\/wp-json\/wp\/v2\/users\/1"}],"replies":[{"embeddable":true,"href":"https:\/\/3jserveis.es\/ca\/wp-json\/wp\/v2\/comments?post=266"}],"version-history":[{"count":0,"href":"https:\/\/3jserveis.es\/ca\/wp-json\/wp\/v2\/pages\/266\/revisions"}],"wp:attachment":[{"href":"https:\/\/3jserveis.es\/ca\/wp-json\/wp\/v2\/media?parent=266"}],"curies":[{"name":"wp","href":"https:\/\/api.w.org\/{rel}","templated":true}]}}