{"id":265,"date":"2025-03-20T14:38:04","date_gmt":"2025-03-20T13:38:04","guid":{"rendered":"https:\/\/3jserveis.es\/aviso-legal\/"},"modified":"2025-04-01T13:44:41","modified_gmt":"2025-04-01T11:44:41","slug":"avis-legal","status":"publish","type":"page","link":"https:\/\/3jserveis.es\/ca\/avis-legal\/","title":{"rendered":"Av\u00eds legal"},"content":{"rendered":"<p><strong>AVISO LEGAL (https:\/\/3jserveis.es\/)<\/strong><\/p>\n<p><strong>1) INFORMACI\u00d3N DEL TITULAR<\/strong><\/p>\n<p>En cumplimiento del art\u00edculo 10 de la Ley 34\/2002, de 11 de julio, de Servicios de la Sociedad de la Informaci\u00f3n y Comercio Electr\u00f3nico, a continuaci\u00f3n, se exponen los datos identificativos del Titular:<\/p>\n<p>&nbsp;<\/p>\n<table width=\"567\">\n<tbody>\n<tr>\n<td width=\"133\">Web:<\/td>\n<td width=\"433\">https:\/\/3jserveis.es\/<\/td>\n<\/tr>\n<tr>\n<td width=\"133\">Titular:<\/td>\n<td width=\"433\">JOAN JOSEP JIMENEZ DUR\u00d3<\/td>\n<\/tr>\n<tr>\n<td width=\"133\">Domicilio:<\/td>\n<td width=\"433\">SEGON PASSEIG DE RONDA, 31 3-5. 25180-ALCARRAS<\/td>\n<\/tr>\n<tr>\n<td width=\"133\">C.I.F.:<\/td>\n<td width=\"433\">78102735W<\/td>\n<\/tr>\n<tr>\n<td width=\"133\">Tel\u00e9fono:<\/td>\n<td width=\"433\">611423193<\/td>\n<\/tr>\n<tr>\n<td width=\"133\">Correo electr\u00f3nico:<\/td>\n<td width=\"433\">ADMIN<\/td>\n<\/tr>\n<\/tbody>\n<\/table>\n<p>&nbsp;<\/p>\n<p><strong>2) T\u00c9RMINOS Y CONDICIONES DE ACCESO Y USO<\/strong><\/p>\n<p><strong>El sitio web<\/strong><\/p>\n<p>El objeto de las presentes Condiciones Generales de Uso (en adelante, Condiciones) es regular el acceso y la utilizaci\u00f3n del Sitio Web.<\/p>\n<p>JOAN JOSEP JIMENEZ DUR\u00d3 se reserva la facultad de modificar, en cualquier momento, y sin aviso previo, la presentaci\u00f3n y configuraci\u00f3n del Sitio Web y de los Contenidos y Servicios que en \u00e9l pudieran estar incorporados. El Usuario reconoce y acepta que en cualquier momento JOAN JOSEP JIMENEZ DUR\u00d3 pueda interrumpir, desactivar y\/o cancelar cualquiera de estos elementos que se integran en el Sitio Web o el acceso a los mismos.<\/p>\n<p>El acceso al Sitio Web por el Usuario tiene car\u00e1cter libre y, por regla general, es gratuito sin que el Usuario tenga que proporcionar una contraprestaci\u00f3n para poder disfrutar de ello, salvo en lo relativo al coste de conexi\u00f3n a trav\u00e9s de la red de telecomunicaciones suministrada por el proveedor de acceso que hubiere contratado el Usuario.<\/p>\n<p>La utilizaci\u00f3n de alguno de los Contenidos o Servicios del Sitio Web podr\u00e1 hacerse mediante la suscripci\u00f3n o registro previo del Usuario.<\/p>\n<p><strong>Usuario<\/strong><\/p>\n<p>El acceso, la navegaci\u00f3n y uso del Sitio Web, (as\u00ed como por los espacios habilitados para interactuar entre los Usuarios, y el Usuario y JOAN JOSEP JIMENEZ DUR\u00d3, como los comentarios y\/o espacios de blogging en caso de haberlos), confieren la condici\u00f3n de Usuario. Por lo que el Usuario se compromete a utilizar la p\u00e1gina Web y aquellos servicios puestos a su disposici\u00f3n a trav\u00e9s de la misma, de manera acorde a la Ley, moral, buenas costumbres y orden p\u00fablico, as\u00ed como con lo dispuesto en el presente clausulado. En consecuencia, queda obligado a no utilizar la Web con fines o efectos il\u00edcitos y\/o contrarios a lo establecido, lesivos de derechos y\/o intereses de terceros o que, de cualquier forma, puedan da\u00f1ar la Web o impedir su normal uso, o de los servicios accesibles a trav\u00e9s de la misma.<\/p>\n<p>La utilizaci\u00f3n de la Web y\/o de sus Servicios, supondr\u00e1 la aceptaci\u00f3n plena y sin reservas, y la validez, de todas y cada una de las cl\u00e1usulas recogidas en la \u00faltima versi\u00f3n actualizada de este Aviso Legal, por lo que el Usuario deber\u00e1 ser consciente de la importancia de leerlas cada vez que visite la Web. A su vez, no supone entablar ning\u00fan tipo de relaci\u00f3n de car\u00e1cter comercial entre JOAN JOSEP JIMENEZ DUR\u00d3 y el Usuario.<\/p>\n<p>El acceso, la navegaci\u00f3n y uso del Sitio Web, confiere la condici\u00f3n de Usuario, por lo que se aceptan, desde que se inicia la navegaci\u00f3n por el Sitio Web, todas las Condiciones aqu\u00ed establecidas, as\u00ed como sus ulteriores modificaciones, sin perjuicio de la aplicaci\u00f3n de la correspondiente normativa legal de obligado cumplimiento seg\u00fan el caso. Dada la relevancia de lo anterior, se recomienda al Usuario leerlas cada vez que visite el Sitio Web.<\/p>\n<p>El Usuario declara ser mayor de edad y disponer de la capacidad jur\u00eddica suficiente para vincularse por las presentes Condiciones. Por lo tanto, este Sitio Web de JOAN JOSEP JIMENEZ DUR\u00d3 no se dirige a menores de edad. JOAN JOSEP JIMENEZ DUR\u00d3 declina cualquier responsabilidad por el incumplimiento de este requisito.<\/p>\n<p>&nbsp;<\/p>\n<p>&nbsp;<\/p>\n<p><strong>3) PROPIEDAD INTELECTUAL<\/strong><\/p>\n<p>A los efectos de preservar los posibles derechos de propiedad intelectual, en el caso de que cualquier usuario\/a o un tercero\/a considere que se ha producido una violaci\u00f3n de sus leg\u00edtimos derechos por la introducci\u00f3n de un determinado contenido en el Web, deber\u00e1 notificar dicha circunstancia a JOAN JOSEP JIMENEZ DUR\u00d3 indicando:<\/p>\n<p>&#8211; Datos personales de la persona interesada titular de los derechos presuntamente infringidos. Si la reclamaci\u00f3n la presenta un tercero\/a distinto de la persona interesada, deber\u00e1 indicar la representaci\u00f3n con la que act\u00faa.<\/p>\n<p>&#8211; Indicaci\u00f3n de los contenidos protegidos por los derechos de propiedad intelectual y su ubicaci\u00f3n en el Web.<\/p>\n<p>&#8211; Acreditaci\u00f3n de los citados derechos de propiedad intelectual.<\/p>\n<p>&#8211; Declaraci\u00f3n expresa en la que el interesado se responsabiliza de la veracidad de las informaciones facilitadas en la notificaci\u00f3n.<\/p>\n<p>La marca JOAN JOSEP JIMENEZ DUR\u00d3 y la correspondiente marca gr\u00e1fica es marca registrada y queda prohibida su reproducci\u00f3n o uso sin la autorizaci\u00f3n de su titular. Igualmente cualquiera otra marca del JOAN JOSEP JIMENEZ DUR\u00d3 que aparezca en los sitios web detallados en el apartado 1 de este aviso.<\/p>\n<p>La legitimidad de los derechos de propiedad intelectual o industrial correspondientes a los contenidos aportados por terceros\/as es de la exclusiva responsabilidad de los\/las mismos\/as.<\/p>\n<p>&nbsp;<\/p>\n<p><strong>4) EXCLUSI\u00d3N DE RESPONSABILIDAD<\/strong><\/p>\n<p>JOAN JOSEP JIMENEZ DUR\u00d3 con la m\u00e1xima diligencia posible para que los datos y la informaci\u00f3n que ofrece en su sitio web est\u00e9 actualizada en todo momento. No garantiza ni se hace responsable la exactitud y actualizaci\u00f3n de los contenidos del sitio web, reserv\u00e1ndose el derecho a modificar estos contenidos en cualquier momento. JOAN JOSEP JIMENEZ DUR\u00d3 tampoco ser\u00e1 responsable de la informaci\u00f3n que se pueda obtener a trav\u00e9s de enlaces incluidos en el sitio web.<\/p>\n<p>Las relaciones comerciales entre clientes se regir\u00e1n por las condiciones generales que, si fuera necesario, se establecer\u00edan por JOAN JOSEP JIMENEZ DUR\u00d3 en un documento espec\u00edfico a este efecto, o para los pactos concretos que se puedan acordar con los clientes.<\/p>\n<p>&nbsp;<\/p>\n<p><strong>5) POL\u00cdTICA DE INFORMACI\u00d3N Y PUBLICIDAD COMERCIAL<\/strong><\/p>\n<p>JOAN JOSEP JIMENEZ DUR\u00d3 se compromete a trav\u00e9s de este medio a no realizar publicidad enga\u00f1osa. A estos efectos, por lo tanto, no ser\u00e1n considerados como publicidad enga\u00f1osa los errores formales o num\u00e9ricos que puedan encontrarse a lo largo del contenido de las distintas secciones de la Web, producidos como consecuencia de un mantenimiento y\/o actualizaci\u00f3n incompleta de la informaci\u00f3n contenida en estas secciones. JOAN JOSEP JIMENEZ DUR\u00d3, como consecuencia de lo dispuesto en este apartado, se compromete a corregirlo tan pronto como tenga conocimiento de dichos errores.<\/p>\n<p>JOAN JOSEP JIMENEZ DUR\u00d3 se compromete a no remitir comunicaciones comerciales sin identificarlas como tales, conforme a lo dispuesto en la Ley 34\/2002 de Servicios de la Sociedad de la Informaci\u00f3n y de comercio electr\u00f3nico. A estos efectos no ser\u00e1 considerado como comunicaci\u00f3n comercial toda la informaci\u00f3n que se env\u00ede a los clientes de JOAN JOSEP JIMENEZ DUR\u00d3 que tenga por finalidad el mantenimiento de la relaci\u00f3n contractual existente entre cliente y JOAN JOSEP JIMENEZ DUR\u00d3, as\u00ed como el desempe\u00f1o de las tareas de informaci\u00f3n y otras actividades propias del servicio que el cliente tiene contratado.<\/p>\n<p>En el caso de recibir comunicaciones por estos medios (correos electr\u00f3nicos, mensajes de respuesta automatizada de formularios, y otros sistemas de comunicaci\u00f3n) le informamos que los mensajes se dirigen exclusivamente a su destinatario y puede contener informaci\u00f3n privilegiada o confidencial. Si no es vd. el destinatario indicado, queda notificado de que la utilizaci\u00f3n, divulgaci\u00f3n y\/o copia sin autorizaci\u00f3n est\u00e1 prohibida en virtud de la legislaci\u00f3n vigente.<\/p>\n<p>De conformidad con lo establecido en la Ley 34\/2002 de 11 de julio, de Servicios de la Sociedad de la Informaci\u00f3n y del Comercio Electr\u00f3nico, y la Directiva 2002\/58\/CE le comunicamos que en el supuesto de que no desee recibir comunicaciones e informaciones de \u00edndole comercial mediante este sistema de comunicaci\u00f3n electr\u00f3nica, nos lo indique por esta misma v\u00eda indicando en el asunto BAJA COMUNICACIONES para que sus datos personales sean dados de baja de nuestra base de datos. Su solicitud ser\u00e1 accionada en un plazo de 10 d\u00edas desde su env\u00edo. En el supuesto de que no recibamos contestaci\u00f3n expresa por su parte, entenderemos que acepta y autoriza que nuestra empresa siga realizando las referidas comunicaciones.<\/p>\n<p>&nbsp;<\/p>\n<p><strong>6) POL\u00cdTICA DE ENLACES<\/strong><\/p>\n<p>&nbsp;<\/p>\n<p>&nbsp;<\/p>\n<p>El Usuario o tercero que realice un hiperv\u00ednculo desde una p\u00e1gina web de otro, distinto, sitio web al Sitio Web de\u00a0 deber\u00e1 saber que:<\/p>\n<p>No se permite la reproducci\u00f3n -total o parcialmente- de ninguno de los Contenidos y\/o Servicios del Sitio Web sin autorizaci\u00f3n expresa de JOAN JOSEP JIMENEZ DUR\u00d3.<\/p>\n<p>No se permite tampoco ninguna manifestaci\u00f3n falsa, inexacta o incorrecta sobre el Sitio Web de JOAN JOSEP JIMENEZ DUR\u00d3, ni sobre los Contenidos y\/o Servicios del mismo.<\/p>\n<p>A excepci\u00f3n del hiperv\u00ednculo, el sitio web en el que se establezca dicho hiperenlace no contendr\u00e1 ning\u00fan elemento, de este Sitio Web, protegido como propiedad intelectual por el ordenamiento jur\u00eddico espa\u00f1ol, salvo autorizaci\u00f3n expresa de JOAN JOSEP JIMENEZ DUR\u00d3.<\/p>\n<p>El establecimiento del hiperv\u00ednculo no implicar\u00e1 la existencia de relaciones entre JOAN JOSEP JIMENEZ DUR\u00d3 y el titular del sitio web desde el cual se realice, ni el conocimiento y aceptaci\u00f3n de JOAN JOSEP JIMENEZ DUR\u00d3 de los contenidos, servicios y\/o actividades ofrecidas en dicho sitio web, y viceversa.<\/p>\n<p>&nbsp;<\/p>\n<p><strong>7) REDES SOCIALES<\/strong><\/p>\n<p>Le informamos que puede tener presencia en redes sociales. El tratamiento de los datos que se lleve a cabo de las personas que se hagan seguidoras en las redes sociales (y\/o realicen cualquier v\u00ednculo o acci\u00f3n de conexi\u00f3n a trav\u00e9s de las redes sociales) de las p\u00e1ginas oficiales de se regir\u00e1 por este apartado, as\u00ed como por aquellas condiciones de uso, pol\u00edticas de privacidad y normativas de acceso que pertenezcan a la red social que proceda en cada caso y aceptadas previamente por el usuario.<\/p>\n<p>&nbsp;<\/p>\n<p><strong>8) JURISDICCI\u00d3N Y LEYES APLICABLES<\/strong><\/p>\n<p>El uso de este sitio web implica la aceptaci\u00f3n plena de los t\u00e9rminos del presente aviso legal.\u00a0 El presente Aviso Legal y todas las relaciones que se establezcan entre JOAN JOSEP JIMENEZ DUR\u00d3 el Usuario de la Web y sus servicios se regir\u00e1n por lo establecido en la legislaci\u00f3n espa\u00f1ola.<\/p>\n<p>&nbsp;<\/p>\n<p>\u00daltima actualizaci\u00f3n: 21\/03\/25<\/p>\n","protected":false},"excerpt":{"rendered":"<p>AVISO LEGAL (https:\/\/3jserveis.es\/) 1) INFORMACI\u00d3N DEL TITULAR En cumplimiento del art\u00edculo 10 de la Ley 34\/2002, de 11 de julio, de Servicios de la Sociedad de la Informaci\u00f3n y Comercio Electr\u00f3nico, a continuaci\u00f3n, se exponen los datos identificativos del Titular: &nbsp; Web: https:\/\/3jserveis.es\/ Titular: JOAN JOSEP JIMENEZ DUR\u00d3 Domicilio: SEGON PASSEIG DE RONDA, 31 3-5. [&hellip;]<\/p>\n","protected":false},"author":1,"featured_media":0,"parent":0,"menu_order":0,"comment_status":"closed","ping_status":"closed","template":"","meta":{"_et_pb_use_builder":"off","_et_pb_old_content":"","_et_gb_content_width":"","footnotes":""},"class_list":["post-265","page","type-page","status-publish","hentry"],"_links":{"self":[{"href":"https:\/\/3jserveis.es\/ca\/wp-json\/wp\/v2\/pages\/265","targetHints":{"allow":["GET"]}}],"collection":[{"href":"https:\/\/3jserveis.es\/ca\/wp-json\/wp\/v2\/pages"}],"about":[{"href":"https:\/\/3jserveis.es\/ca\/wp-json\/wp\/v2\/types\/page"}],"author":[{"embeddable":true,"href":"https:\/\/3jserveis.es\/ca\/wp-json\/wp\/v2\/users\/1"}],"replies":[{"embeddable":true,"href":"https:\/\/3jserveis.es\/ca\/wp-json\/wp\/v2\/comments?post=265"}],"version-history":[{"count":1,"href":"https:\/\/3jserveis.es\/ca\/wp-json\/wp\/v2\/pages\/265\/revisions"}],"predecessor-version":[{"id":272,"href":"https:\/\/3jserveis.es\/ca\/wp-json\/wp\/v2\/pages\/265\/revisions\/272"}],"wp:attachment":[{"href":"https:\/\/3jserveis.es\/ca\/wp-json\/wp\/v2\/media?parent=265"}],"curies":[{"name":"wp","href":"https:\/\/api.w.org\/{rel}","templated":true}]}}